{"id":21,"date":"2019-01-18T14:43:55","date_gmt":"2019-01-18T13:43:55","guid":{"rendered":"http:\/\/auhaggisgourmand.fr\/?page_id=21"},"modified":"2020-11-07T15:58:47","modified_gmt":"2020-11-07T14:58:47","slug":"bistrot","status":"publish","type":"page","link":"https:\/\/auhaggisgourmand.fr\/index.php\/bistrot\/","title":{"rendered":"C\u00d4TE BISTRONOMIE \u2013 SALON DE TH\u00c9"},"content":{"rendered":"<h2>Manger chez nous&#8230;<\/h2>\n<p>Au Haggis Gourmand, on mange sainement. Assis \u00e0 table ou en terrasse, vous pourrez d\u00e9guster une cuisine vari\u00e9e.<br \/>Soit un vrai bon resto de cuisine fran\u00e7aise avec son plat du jour, familiale et g\u00e9n\u00e9reuse, ou un plat \u00e0 la carte renouvel\u00e9e chaque saison.<br \/>Enti\u00e8rement d\u00e9di\u00e9 aux produits de saison, absolument tout est fait-maison.<br \/>Pour g\u00e9rer au mieux les stocks, r\u00e9duire le gaspillage alimentaire et proposer une cuisine fra\u00eeche et de saison,<br \/>les plats piochent en plus dans tous les rayons de L\u2019Epicerie Fine !<br \/>Une cuisine de march\u00e9 donc enti\u00e8rement consacr\u00e9e au bon sens et au plaisir&#8230;<\/p>\n\n\n<div class=\"wp-block-buttons is-layout-flex wp-block-buttons-is-layout-flex\">\n<div class=\"wp-block-button\"><a class=\"wp-block-button__link\" href=\"https:\/\/auhaggisgourmand.fr\/\">Retour Accueil<\/a><\/div>\n<\/div>\n","protected":false},"excerpt":{"rendered":"<p>Manger chez nous&#8230; Au Haggis Gourmand, on mange sainement. Assis \u00e0 table ou en terrasse, vous pourrez d\u00e9guster une cuisine vari\u00e9e.Soit un vrai bon resto de cuisine fran\u00e7aise avec son plat du jour, familiale et g\u00e9n\u00e9reuse, ou un plat \u00e0 la carte renouvel\u00e9e chaque saison.Enti\u00e8rement d\u00e9di\u00e9 aux produits de saison, [&hellip;]<\/p>\n","protected":false},"author":1,"featured_media":0,"parent":0,"menu_order":0,"comment_status":"closed","ping_status":"closed","template":"","meta":{"_themeisle_gutenberg_block_has_review":false,"footnotes":""},"class_list":["post-21","page","type-page","status-publish","hentry"],"yoast_head":"<!-- This site is optimized with the Yoast SEO plugin v27.3 - https:\/\/yoast.com\/product\/yoast-seo-wordpress\/ -->\n<title>C\u00d4TE BISTRONOMIE \u2013 SALON DE TH\u00c9 - AU HAGGIS GOURMAND<\/title>\n<meta name=\"robots\" content=\"index, follow, max-snippet:-1, max-image-preview:large, max-video-preview:-1\" \/>\n<link rel=\"canonical\" href=\"https:\/\/auhaggisgourmand.fr\/index.php\/bistrot\/\" \/>\n<meta property=\"og:locale\" content=\"fr_FR\" \/>\n<meta property=\"og:type\" content=\"article\" \/>\n<meta property=\"og:title\" content=\"C\u00d4TE BISTRONOMIE \u2013 SALON DE TH\u00c9 - AU HAGGIS GOURMAND\" \/>\n<meta property=\"og:description\" content=\"Manger chez nous&#8230; Au Haggis Gourmand, on mange sainement. Assis \u00e0 table ou en terrasse, vous pourrez d\u00e9guster une cuisine vari\u00e9e.Soit un vrai bon resto de cuisine fran\u00e7aise avec son plat du jour, familiale et g\u00e9n\u00e9reuse, ou un plat \u00e0 la carte renouvel\u00e9e chaque saison.Enti\u00e8rement d\u00e9di\u00e9 aux produits de saison, [&hellip;]\" \/>\n<meta property=\"og:url\" content=\"https:\/\/auhaggisgourmand.fr\/index.php\/bistrot\/\" \/>\n<meta property=\"og:site_name\" content=\"AU HAGGIS GOURMAND\" \/>\n<meta property=\"article:modified_time\" content=\"2020-11-07T14:58:47+00:00\" \/>\n<meta name=\"twitter:card\" content=\"summary_large_image\" \/>\n<meta name=\"twitter:label1\" content=\"Dur\u00e9e de lecture estim\u00e9e\" \/>\n\t<meta name=\"twitter:data1\" content=\"1 minute\" \/>\n<script type=\"application\/ld+json\" class=\"yoast-schema-graph\">{\"@context\":\"https:\\\/\\\/schema.org\",\"@graph\":[{\"@type\":\"WebPage\",\"@id\":\"https:\\\/\\\/auhaggisgourmand.fr\\\/index.php\\\/bistrot\\\/\",\"url\":\"https:\\\/\\\/auhaggisgourmand.fr\\\/index.php\\\/bistrot\\\/\",\"name\":\"C\u00d4TE BISTRONOMIE \u2013 SALON DE TH\u00c9 - AU HAGGIS GOURMAND\",\"isPartOf\":{\"@id\":\"https:\\\/\\\/auhaggisgourmand.fr\\\/#website\"},\"datePublished\":\"2019-01-18T13:43:55+00:00\",\"dateModified\":\"2020-11-07T14:58:47+00:00\",\"breadcrumb\":{\"@id\":\"https:\\\/\\\/auhaggisgourmand.fr\\\/index.php\\\/bistrot\\\/#breadcrumb\"},\"inLanguage\":\"fr-FR\",\"potentialAction\":[{\"@type\":\"ReadAction\",\"target\":[\"https:\\\/\\\/auhaggisgourmand.fr\\\/index.php\\\/bistrot\\\/\"]}]},{\"@type\":\"BreadcrumbList\",\"@id\":\"https:\\\/\\\/auhaggisgourmand.fr\\\/index.php\\\/bistrot\\\/#breadcrumb\",\"itemListElement\":[{\"@type\":\"ListItem\",\"position\":1,\"name\":\"Accueil\",\"item\":\"https:\\\/\\\/auhaggisgourmand.fr\\\/\"},{\"@type\":\"ListItem\",\"position\":2,\"name\":\"C\u00d4TE BISTRONOMIE \u2013 SALON DE TH\u00c9\"}]},{\"@type\":\"WebSite\",\"@id\":\"https:\\\/\\\/auhaggisgourmand.fr\\\/#website\",\"url\":\"https:\\\/\\\/auhaggisgourmand.fr\\\/\",\"name\":\"AU HAGGIS GOURMAND\",\"description\":\"\",\"publisher\":{\"@id\":\"https:\\\/\\\/auhaggisgourmand.fr\\\/#organization\"},\"potentialAction\":[{\"@type\":\"SearchAction\",\"target\":{\"@type\":\"EntryPoint\",\"urlTemplate\":\"https:\\\/\\\/auhaggisgourmand.fr\\\/?s={search_term_string}\"},\"query-input\":{\"@type\":\"PropertyValueSpecification\",\"valueRequired\":true,\"valueName\":\"search_term_string\"}}],\"inLanguage\":\"fr-FR\"},{\"@type\":\"Organization\",\"@id\":\"https:\\\/\\\/auhaggisgourmand.fr\\\/#organization\",\"name\":\"AU HAGGIS GOURMAND\",\"url\":\"https:\\\/\\\/auhaggisgourmand.fr\\\/\",\"logo\":{\"@type\":\"ImageObject\",\"inLanguage\":\"fr-FR\",\"@id\":\"https:\\\/\\\/auhaggisgourmand.fr\\\/#\\\/schema\\\/logo\\\/image\\\/\",\"url\":\"https:\\\/\\\/i0.wp.com\\\/auhaggisgourmand.fr\\\/wp-content\\\/uploads\\\/2019\\\/01\\\/cropped-haggisPointer50-2.png?fit=50%2C50&ssl=1\",\"contentUrl\":\"https:\\\/\\\/i0.wp.com\\\/auhaggisgourmand.fr\\\/wp-content\\\/uploads\\\/2019\\\/01\\\/cropped-haggisPointer50-2.png?fit=50%2C50&ssl=1\",\"width\":50,\"height\":50,\"caption\":\"AU HAGGIS GOURMAND\"},\"image\":{\"@id\":\"https:\\\/\\\/auhaggisgourmand.fr\\\/#\\\/schema\\\/logo\\\/image\\\/\"}}]}<\/script>\n<!-- \/ Yoast SEO plugin. -->","yoast_head_json":{"title":"C\u00d4TE BISTRONOMIE \u2013 SALON DE TH\u00c9 - AU HAGGIS GOURMAND","robots":{"index":"index","follow":"follow","max-snippet":"max-snippet:-1","max-image-preview":"max-image-preview:large","max-video-preview":"max-video-preview:-1"},"canonical":"https:\/\/auhaggisgourmand.fr\/index.php\/bistrot\/","og_locale":"fr_FR","og_type":"article","og_title":"C\u00d4TE BISTRONOMIE \u2013 SALON DE TH\u00c9 - AU HAGGIS GOURMAND","og_description":"Manger chez nous&#8230; Au Haggis Gourmand, on mange sainement. Assis \u00e0 table ou en terrasse, vous pourrez d\u00e9guster une cuisine vari\u00e9e.Soit un vrai bon resto de cuisine fran\u00e7aise avec son plat du jour, familiale et g\u00e9n\u00e9reuse, ou un plat \u00e0 la carte renouvel\u00e9e chaque saison.Enti\u00e8rement d\u00e9di\u00e9 aux produits de saison, [&hellip;]","og_url":"https:\/\/auhaggisgourmand.fr\/index.php\/bistrot\/","og_site_name":"AU HAGGIS GOURMAND","article_modified_time":"2020-11-07T14:58:47+00:00","twitter_card":"summary_large_image","twitter_misc":{"Dur\u00e9e de lecture estim\u00e9e":"1 minute"},"schema":{"@context":"https:\/\/schema.org","@graph":[{"@type":"WebPage","@id":"https:\/\/auhaggisgourmand.fr\/index.php\/bistrot\/","url":"https:\/\/auhaggisgourmand.fr\/index.php\/bistrot\/","name":"C\u00d4TE BISTRONOMIE \u2013 SALON DE TH\u00c9 - AU HAGGIS GOURMAND","isPartOf":{"@id":"https:\/\/auhaggisgourmand.fr\/#website"},"datePublished":"2019-01-18T13:43:55+00:00","dateModified":"2020-11-07T14:58:47+00:00","breadcrumb":{"@id":"https:\/\/auhaggisgourmand.fr\/index.php\/bistrot\/#breadcrumb"},"inLanguage":"fr-FR","potentialAction":[{"@type":"ReadAction","target":["https:\/\/auhaggisgourmand.fr\/index.php\/bistrot\/"]}]},{"@type":"BreadcrumbList","@id":"https:\/\/auhaggisgourmand.fr\/index.php\/bistrot\/#breadcrumb","itemListElement":[{"@type":"ListItem","position":1,"name":"Accueil","item":"https:\/\/auhaggisgourmand.fr\/"},{"@type":"ListItem","position":2,"name":"C\u00d4TE BISTRONOMIE \u2013 SALON DE TH\u00c9"}]},{"@type":"WebSite","@id":"https:\/\/auhaggisgourmand.fr\/#website","url":"https:\/\/auhaggisgourmand.fr\/","name":"AU HAGGIS GOURMAND","description":"","publisher":{"@id":"https:\/\/auhaggisgourmand.fr\/#organization"},"potentialAction":[{"@type":"SearchAction","target":{"@type":"EntryPoint","urlTemplate":"https:\/\/auhaggisgourmand.fr\/?s={search_term_string}"},"query-input":{"@type":"PropertyValueSpecification","valueRequired":true,"valueName":"search_term_string"}}],"inLanguage":"fr-FR"},{"@type":"Organization","@id":"https:\/\/auhaggisgourmand.fr\/#organization","name":"AU HAGGIS GOURMAND","url":"https:\/\/auhaggisgourmand.fr\/","logo":{"@type":"ImageObject","inLanguage":"fr-FR","@id":"https:\/\/auhaggisgourmand.fr\/#\/schema\/logo\/image\/","url":"https:\/\/i0.wp.com\/auhaggisgourmand.fr\/wp-content\/uploads\/2019\/01\/cropped-haggisPointer50-2.png?fit=50%2C50&ssl=1","contentUrl":"https:\/\/i0.wp.com\/auhaggisgourmand.fr\/wp-content\/uploads\/2019\/01\/cropped-haggisPointer50-2.png?fit=50%2C50&ssl=1","width":50,"height":50,"caption":"AU HAGGIS GOURMAND"},"image":{"@id":"https:\/\/auhaggisgourmand.fr\/#\/schema\/logo\/image\/"}}]}},"jetpack_sharing_enabled":true,"jetpack_likes_enabled":true,"_links":{"self":[{"href":"https:\/\/auhaggisgourmand.fr\/index.php\/wp-json\/wp\/v2\/pages\/21","targetHints":{"allow":["GET"]}}],"collection":[{"href":"https:\/\/auhaggisgourmand.fr\/index.php\/wp-json\/wp\/v2\/pages"}],"about":[{"href":"https:\/\/auhaggisgourmand.fr\/index.php\/wp-json\/wp\/v2\/types\/page"}],"author":[{"embeddable":true,"href":"https:\/\/auhaggisgourmand.fr\/index.php\/wp-json\/wp\/v2\/users\/1"}],"replies":[{"embeddable":true,"href":"https:\/\/auhaggisgourmand.fr\/index.php\/wp-json\/wp\/v2\/comments?post=21"}],"version-history":[{"count":0,"href":"https:\/\/auhaggisgourmand.fr\/index.php\/wp-json\/wp\/v2\/pages\/21\/revisions"}],"wp:attachment":[{"href":"https:\/\/auhaggisgourmand.fr\/index.php\/wp-json\/wp\/v2\/media?parent=21"}],"curies":[{"name":"wp","href":"https:\/\/api.w.org\/{rel}","templated":true}]}}